{"id":7156,"date":"2018-11-14T17:08:02","date_gmt":"2018-11-14T16:08:02","guid":{"rendered":"http:\/\/www.katzen.de\/magazin\/?page_id=7156"},"modified":"2018-11-14T17:16:46","modified_gmt":"2018-11-14T16:16:46","slug":"der-grosse-katzen-de-adventskalender-2018","status":"publish","type":"page","link":"https:\/\/www.katzen.de\/magazin\/der-grosse-katzen-de-adventskalender-2018\/","title":{"rendered":"Der gro\u00dfe katzen.de-Adventskalender 2018"},"content":{"rendered":"<p><img decoding=\"async\" class=\"alignleft wp-image-7158 size-full\" src=\"http:\/\/static.katzen.de\/magazin\/wp-content\/uploads\/2018\/11\/Katze_Kalender_b.jpg\" alt=\"Der gro\u00dfe katzen.de-Adventskalender 2018\" width=\"1230\" height=\"724\" usemap=\"#adventskalender2018\" srcset=\"https:\/\/www.katzen.de\/magazin\/wp-content\/uploads\/2018\/11\/Katze_Kalender_b.jpg 1230w, https:\/\/www.katzen.de\/magazin\/wp-content\/uploads\/2018\/11\/Katze_Kalender_b-400x235.jpg 400w, https:\/\/www.katzen.de\/magazin\/wp-content\/uploads\/2018\/11\/Katze_Kalender_b-1200x706.jpg 1200w\" sizes=\"(max-width: 1230px) 100vw, 1230px\" \/><br \/>\nIn unserem Adventskalender \u00f6ffnen wir jeden Tag vom 1. bis zum 24. Dezember ein Tu\u0308rchen. Es warten t\u00e4glich neue Gewinne auf euch &#8211; vom Kratzbrett oder dem Katzenspielzeug \u00fcber Futterpakete und B\u00fccher rund um die Samtpfoten.<\/p>\n<p>An jedem Gewinnspiel k\u00f6nnt ihr zwei Wochen lang teilnehmen. Und das ganz einfach: Tragt euch einfach in das Formular der Gewinnspielseite ein.<\/p>\n<p>Wir dr\u00fccken euch die Pfoten!<\/p>\n","protected":false},"excerpt":{"rendered":"<p>In unserem Adventskalender \u00f6ffnen wir jeden Tag vom 1. bis zum 24. Dezember ein Tu\u0308rchen. Es warten t\u00e4glich neue Gewinne auf euch &#8211; vom Kratzbrett oder dem Katzenspielzeug \u00fcber Futterpakete und B\u00fccher rund um die Samtpfoten. An jedem Gewinnspiel k\u00f6nnt ihr zwei Wochen lang teilnehmen. Und das ganz einfach: Tragt euch einfach in das Formular&hellip;<\/p>\n","protected":false},"author":1,"featured_media":0,"parent":0,"menu_order":0,"comment_status":"open","ping_status":"open","template":"","meta":[],"tags":[748],"_links":{"self":[{"href":"https:\/\/www.katzen.de\/magazin\/wp-json\/wp\/v2\/pages\/7156"}],"collection":[{"href":"https:\/\/www.katzen.de\/magazin\/wp-json\/wp\/v2\/pages"}],"about":[{"href":"https:\/\/www.katzen.de\/magazin\/wp-json\/wp\/v2\/types\/page"}],"author":[{"embeddable":true,"href":"https:\/\/www.katzen.de\/magazin\/wp-json\/wp\/v2\/users\/1"}],"replies":[{"embeddable":true,"href":"https:\/\/www.katzen.de\/magazin\/wp-json\/wp\/v2\/comments?post=7156"}],"version-history":[{"count":2,"href":"https:\/\/www.katzen.de\/magazin\/wp-json\/wp\/v2\/pages\/7156\/revisions"}],"predecessor-version":[{"id":7160,"href":"https:\/\/www.katzen.de\/magazin\/wp-json\/wp\/v2\/pages\/7156\/revisions\/7160"}],"wp:attachment":[{"href":"https:\/\/www.katzen.de\/magazin\/wp-json\/wp\/v2\/media?parent=7156"}],"wp:term":[{"taxonomy":"post_tag","embeddable":true,"href":"https:\/\/www.katzen.de\/magazin\/wp-json\/wp\/v2\/tags?post=7156"}],"curies":[{"name":"wp","href":"https:\/\/api.w.org\/{rel}","templated":true}]}}