{"id":5976,"date":"2017-11-08T15:25:20","date_gmt":"2017-11-08T14:25:20","guid":{"rendered":"http:\/\/www.katzen.de\/magazin\/?page_id=5976"},"modified":"2017-11-08T15:26:13","modified_gmt":"2017-11-08T14:26:13","slug":"der-grosse-katzen-de-adventskalender-2017","status":"publish","type":"page","link":"https:\/\/www.katzen.de\/magazin\/der-grosse-katzen-de-adventskalender-2017\/","title":{"rendered":"Der gro\u00dfe katzen.de-Adventskalender 2017"},"content":{"rendered":"<p><img decoding=\"async\" src=\"http:\/\/static.katzen.de\/magazin\/wp-content\/uploads\/2017\/11\/adventskalender-katzen-2017.jpg\" alt=\"Adventskalender 2017\" width=\"1230\" height=\"719\" class=\"alignleft size-full wp-image-5977\" usemap=\"#adventskalender2017\" srcset=\"https:\/\/www.katzen.de\/magazin\/wp-content\/uploads\/2017\/11\/adventskalender-katzen-2017.jpg 1230w, https:\/\/www.katzen.de\/magazin\/wp-content\/uploads\/2017\/11\/adventskalender-katzen-2017-400x233.jpg 400w, https:\/\/www.katzen.de\/magazin\/wp-content\/uploads\/2017\/11\/adventskalender-katzen-2017-1200x701.jpg 1200w\" sizes=\"(max-width: 1230px) 100vw, 1230px\" \/><\/p>\n<p>&nbsp;<br \/>\nIn unserem Adventskalender \u00f6ffnen wir jeden Tag vom 1. bis zum 24. Dezember ein Tu\u0308rchen. Es warten t\u00e4glich neue Gewinne auf euch &#8211; vom Katzenbett oder dem Katzenspielzeug \u00fcber Futterpakete und B\u00fccher rund um die Samtpfoten.<\/p>\n<p>An jedem Gewinnspiel k\u00f6nnt ihr zwei Wochen lang teilnehmen. Und das ganz einfach: Tragt euch einfach in das Formular der Gewinnspielseite ein.<\/p>\n<p>Wir dr\u00fccken euch die Pfoten!<\/p>\n","protected":false},"excerpt":{"rendered":"<p>&nbsp; In unserem Adventskalender \u00f6ffnen wir jeden Tag vom 1. bis zum 24. Dezember ein Tu\u0308rchen. Es warten t\u00e4glich neue Gewinne auf euch &#8211; vom Katzenbett oder dem Katzenspielzeug \u00fcber Futterpakete und B\u00fccher rund um die Samtpfoten. An jedem Gewinnspiel k\u00f6nnt ihr zwei Wochen lang teilnehmen. Und das ganz einfach: Tragt euch einfach in das&hellip;<\/p>\n","protected":false},"author":1,"featured_media":0,"parent":0,"menu_order":0,"comment_status":"closed","ping_status":"closed","template":"","meta":[],"tags":[700],"_links":{"self":[{"href":"https:\/\/www.katzen.de\/magazin\/wp-json\/wp\/v2\/pages\/5976"}],"collection":[{"href":"https:\/\/www.katzen.de\/magazin\/wp-json\/wp\/v2\/pages"}],"about":[{"href":"https:\/\/www.katzen.de\/magazin\/wp-json\/wp\/v2\/types\/page"}],"author":[{"embeddable":true,"href":"https:\/\/www.katzen.de\/magazin\/wp-json\/wp\/v2\/users\/1"}],"replies":[{"embeddable":true,"href":"https:\/\/www.katzen.de\/magazin\/wp-json\/wp\/v2\/comments?post=5976"}],"version-history":[{"count":2,"href":"https:\/\/www.katzen.de\/magazin\/wp-json\/wp\/v2\/pages\/5976\/revisions"}],"predecessor-version":[{"id":5979,"href":"https:\/\/www.katzen.de\/magazin\/wp-json\/wp\/v2\/pages\/5976\/revisions\/5979"}],"wp:attachment":[{"href":"https:\/\/www.katzen.de\/magazin\/wp-json\/wp\/v2\/media?parent=5976"}],"wp:term":[{"taxonomy":"post_tag","embeddable":true,"href":"https:\/\/www.katzen.de\/magazin\/wp-json\/wp\/v2\/tags?post=5976"}],"curies":[{"name":"wp","href":"https:\/\/api.w.org\/{rel}","templated":true}]}}