{"id":4385,"date":"2016-07-21T11:59:31","date_gmt":"2016-07-21T09:59:31","guid":{"rendered":"http:\/\/www.katzen.de\/magazin\/?page_id=4385"},"modified":"2016-10-19T13:52:15","modified_gmt":"2016-10-19T11:52:15","slug":"voraussetzungen-fuer-artikel-von-gastautoren","status":"publish","type":"page","link":"https:\/\/www.katzen.de\/magazin\/voraussetzungen-fuer-artikel-von-gastautoren\/","title":{"rendered":"Voraussetzungen f\u00fcr Artikel von Gastautoren"},"content":{"rendered":"<p>&nbsp;<\/p>\n<h3>Inhalt<\/h3>\n<p><strong>Der Artikel muss<\/strong><\/p>\n<ul>\n<li>thematisch zum Portal katzen.de passen.<\/li>\n<li>von dir selbst verfasst\/dein geistiges Eigentum sein. Abgeschriebene Texte werden nicht akzeptiert. Sind Zitate notwendig beachte die <a href=\"https:\/\/de.wikipedia.org\/wiki\/Zitieren_von_Internetquellen\" target=\"_blank\">Richtlinien zur Verwendung von Zitaten<\/a>.<\/li>\n<li>den Tatsachen entsprechen.<\/li>\n<li>unseren Richtlinien und der deutschen Gesetzgebung entsprechen, z. B. darf der Inhalt nicht illegal, sch\u00e4dlich, bedrohlich, ausfallend, vulg\u00e4r, rassistisch, pornografisch, verletzend oder in irgendeiner anderen Weise anst\u00f6\u00dfig sein.<\/li>\n<li>mind. 200 W\u00f6rter lang sein.<\/li>\n<li>ein Head-Bild beinhalten (weitere Details siehe unten).<\/li>\n<li>noch unver\u00f6ffentlicht sein. Ab Erscheinungsdatum auf katzen.de gilt eine Sperrfrist von drei Monaten. Nach dieser Sperrfrist darf der Artikel auf anderen Websites ver\u00f6ffentlicht werden.<\/li>\n<\/ul>\n<p>&nbsp;<\/p>\n<h3>Bilder &amp; Videos<\/h3>\n<p>Wir begr\u00fc\u00dfen es, wenn dem Gastartikel Bilder und\/oder Videos beigef\u00fcgt sind.<\/p>\n<p><strong>Das Bild-\/Videomaterial muss<\/strong><\/p>\n<ul>\n<li>einen direkten Bezug zum Artikel haben.<\/li>\n<li>von dir selbst gefilmt\/fotografiert sein oder du besitzt alle Rechte am Material und verf\u00fcgst \u00fcber das Recht uns diese mit der \u00dcbermittlung einzur\u00e4umen.<\/li>\n<li>rechtlich unbedenklich sein:<\/li>\n<\/ul>\n<ul>\n<ul>\n<li>Sollten dritte Personen abgebildet sein, muss katzen.de das Einverst\u00e4ndnis zur Ver\u00f6ffentlichung und weiteren Nutzung jeder einzelnen Person vorliegen.<\/li>\n<li>Das Material muss unseren Richtlinien und der deutschen Gesetzgebung entsprechen, z. B. darf der Inhalt nicht illegal, sch\u00e4dlich, bedrohlich, ausfallend, vulg\u00e4r, rassistisch, pornografisch, verletzend oder in irgendeiner anderen Weise anst\u00f6\u00dfig sein.<\/li>\n<li>Es d\u00fcrfen keine Namens- oder Pers\u00f6nlichkeitsrechte verletzt werden.<\/li>\n<\/ul>\n<\/ul>\n<p>&nbsp;<\/p>\n<h3>Bild-Voraussetzungen<\/h3>\n<ul>\n<li>Akzeptiert werden folgende Formate: *.jpg, *.gif, *.png<\/li>\n<li>Erforderliche Bildgr\u00f6\u00dfen:\n<ul>\n<li>Head-Bild: 900&#215;350 px<\/li>\n<li>Weitere Bilder k\u00f6nnen optional in beliebiger Gr\u00f6\u00dfe hochgeladen werden.<\/li>\n<\/ul>\n<\/li>\n<\/ul>\n<p>&nbsp;<\/p>\n<h3>Video-Voraussetzungen<\/h3>\n<ul>\n<li>Videos d\u00fcrfen max. 10 MB gro\u00df sein, alternativ akzeptieren wir Embed-Codes von g\u00e4ngigen Plattformen wie YouTube, Vimeo etc.<\/li>\n<\/ul>\n<p>&nbsp;<\/p>\n<h3>Links<\/h3>\n<p>Selbstverst\u00e4ndlich kennzeichnen wir den Artikel &#8211; sofern gew\u00fcnscht &#8211; mit deinem Namen und einem Link zu deiner Website\/deinem SocialMedia-Profil (als &#8222;dofollow&#8220;) am Ende des Artikels.<\/p>\n<ul>\n<li>Links innerhalb des Artikels m\u00fcssen thematisch passen.<\/li>\n<li>Wir behalten uns vor Links zu entfernen oder auf &#8222;nofollow&#8220; zu setzen.<\/li>\n<\/ul>\n<p>&nbsp;<\/p>\n<h3>SocialMedia<\/h3>\n<p>Wir m\u00f6chten, dass dein Artikel von m\u00f6glichst vielen Menschen gelesen wird, daher erkl\u00e4rst du dich damit einverstanden, dass jedes von dir eingesandte Material von katzen.de zu Promotionzwecken auch auf SocialMedia-Plattformen verwendet werden darf.<\/p>\n<p>&nbsp;<\/p>\n<h3>Einsendung des Gastartikels<\/h3>\n<ul>\n<li>Nutze dieses Formular um deinen Gastartikel einzusenden.<\/li>\n<li>Durch die Einsendung akzeptierst du die <a href=\"\/magazin\/teilnahmebedingungen-und-nutzungsrechte\/\">Nutzungsbedingungen<\/a> von katzen.de.<\/li>\n<li>Du r\u00e4umst katzen.de ein dauerhaftes, unwiderrufliches, weltweites, nicht-exklusives, lizenzfreies und \u00fcbertagbares Recht, sowie das Recht auf Vervielf\u00e4ltigung, Vertrieb und Publikation, Erstellung von Derivaten deiner Einsendung sowie Teilen davon in jedweder Form ein.<\/li>\n<li>de und der Gastautor stehen in keinerlei gesch\u00e4ftlichem Verh\u00e4ltnis zueinander.<\/li>\n<li>Nicht jeden eingesandten Artikel k\u00f6nnen wir ver\u00f6ffentlichen, sei es aufgrund zu vieler Einsendungen oder der Artikel entspricht nicht den Voraussetzungen<\/li>\n<li>Bitte sehe von R\u00fcckfragen zum Status deiner Einsendung ab. Wir bem\u00fchen uns jeden Gastautor bei Ver\u00f6ffentlichung seines Artikels auf katzen.de mit einem Beleglink zu informieren.<\/li>\n<li>Ein Gastautor erh\u00e4lt von katzen.de keinerlei Verg\u00fctung.<\/li>\n<li>Sollten im Zusammenhang mit dem eingesandten Artikel und\/oder Material rechtliche Konflikte entstehen, verpflichtet sich der Gastautor katzen.de davon unverz\u00fcglich in Kenntnis zu setzen.<\/li>\n<li>Wir behalten uns das Recht vor einen Gastartikel jederzeit ohne Angabe von Gr\u00fcnden und ohne Benachrichtigung an den Autor zu l\u00f6schen.<\/li>\n<li>Wenn n\u00f6tig erweitern wir den Gastartikel durch eigene Bilder und\/oder Videos. Die Nutzungsrechte von zus\u00e4tzlich durch katzen.de integriertem Material gehen nicht an den Gastautor \u00fcber.<\/li>\n<\/ul>\n","protected":false},"excerpt":{"rendered":"<p>&nbsp; Inhalt Der Artikel muss thematisch zum Portal katzen.de passen. von dir selbst verfasst\/dein geistiges Eigentum sein. Abgeschriebene Texte werden nicht akzeptiert. Sind Zitate notwendig beachte die Richtlinien zur Verwendung von Zitaten. den Tatsachen entsprechen. unseren Richtlinien und der deutschen Gesetzgebung entsprechen, z. B. darf der Inhalt nicht illegal, sch\u00e4dlich, bedrohlich, ausfallend, vulg\u00e4r, rassistisch, pornografisch,&hellip;<\/p>\n","protected":false},"author":1,"featured_media":0,"parent":0,"menu_order":0,"comment_status":"closed","ping_status":"closed","template":"","meta":[],"tags":[],"_links":{"self":[{"href":"https:\/\/www.katzen.de\/magazin\/wp-json\/wp\/v2\/pages\/4385"}],"collection":[{"href":"https:\/\/www.katzen.de\/magazin\/wp-json\/wp\/v2\/pages"}],"about":[{"href":"https:\/\/www.katzen.de\/magazin\/wp-json\/wp\/v2\/types\/page"}],"author":[{"embeddable":true,"href":"https:\/\/www.katzen.de\/magazin\/wp-json\/wp\/v2\/users\/1"}],"replies":[{"embeddable":true,"href":"https:\/\/www.katzen.de\/magazin\/wp-json\/wp\/v2\/comments?post=4385"}],"version-history":[{"count":5,"href":"https:\/\/www.katzen.de\/magazin\/wp-json\/wp\/v2\/pages\/4385\/revisions"}],"predecessor-version":[{"id":4430,"href":"https:\/\/www.katzen.de\/magazin\/wp-json\/wp\/v2\/pages\/4385\/revisions\/4430"}],"wp:attachment":[{"href":"https:\/\/www.katzen.de\/magazin\/wp-json\/wp\/v2\/media?parent=4385"}],"wp:term":[{"taxonomy":"post_tag","embeddable":true,"href":"https:\/\/www.katzen.de\/magazin\/wp-json\/wp\/v2\/tags?post=4385"}],"curies":[{"name":"wp","href":"https:\/\/api.w.org\/{rel}","templated":true}]}}