{"id":1642,"date":"2015-03-03T16:15:37","date_gmt":"2015-03-03T15:15:37","guid":{"rendered":"http:\/\/www.katzen.de\/magazin\/?page_id=1642"},"modified":"2016-10-19T13:52:05","modified_gmt":"2016-10-19T11:52:05","slug":"teilnahmebedingungen-und-nutzungsrechte","status":"publish","type":"page","link":"https:\/\/www.katzen.de\/magazin\/teilnahmebedingungen-und-nutzungsrechte\/","title":{"rendered":"Teilnahmebedingungen und Nutzungsrechte"},"content":{"rendered":"<h3><strong><br \/>\nNutzungsrechte<\/strong><\/h3>\n<p>katzen.de beh\u00e4lt sich das Recht auf L\u00f6schung von Bild- und Textbeitr\u00e4gen ohne Angabe von Gr\u00fcnden vor. Eine Benachrichtigung dar\u00fcber erfolgt nicht.<\/p>\n<p>Mit der Teilnahme \/ Einsendung von Bildmaterial erteilt der Teilnehmer der WA Dr. Alfuss &amp; Co. KG ein unwiderrufliches einfaches unbefristetes Nutzungsrecht.<br \/>\nDies umfasst die M\u00f6glichkeit der Ver\u00f6ffentlichung auf katzen.de und in sozialen Netzwerken, sowie die Vervielf\u00e4ltigung, Abbildung und Verbreitung zum Zweck der Eigenwerbung und Selbstdarstellung von katzen.de.<\/p>\n<p>Mit der Teilnahme \/ Einsendung von Bildmaterial best\u00e4tigt der Teilnehmer, dass er der Urheber der hochgeladenen Bilder ist und damit uneingeschr\u00e4nkt \u00fcber die Nutzungsrechte an den Fotos verf\u00fcgt. Der Teilnehmer best\u00e4tigt weiterhin, dass die von ihm hochgeladenen Fotos frei von Rechten Dritter sind; insbesondere, dass s\u00e4mtliche erkennbaren abgebildeten Personen mit den genannten Nutzungen einverstanden sind und dass Schutzrechte Dritter durch diese Nutzungen nicht verletzt werden. Schon jetzt stellt der Teilnehmer die WA Dr. Alfuss &amp; Co. KG gegen\u00fcber etwaigen Anspr\u00fcchen Dritter frei.<\/p>\n<p>Der Teilnehmer sichert zu, dass die Inhalte der \u00fcbertragenen Bilddateien nicht gegen geltende (bundesdeutsche) Verbotsnormen, insbesondere gegen die Vorschriften zur Verbreitung von Kinderpornographie (\u00a7\u00a7 184 ff. StGB) versto\u00dfen.<\/p>\n<p>F\u00fcr das Ver\u00f6ffentlichen von Fotos im Rahmen der Teilnahmebedingungen und Nutzungsrechte werden keine Honorare und keine Verg\u00fctungen bezahlt.<\/p>\n<p>F\u00fcr die Einsendung bei Fotowettbewerben gilt, dass jedes Tier einmalig beim jeweiligen Wettbewerb teilnehmen kann &#8211; Mehrfacheinsendungen werden gel\u00f6scht.<\/p>\n<p>Mit dem Hochladen eines Fotos erkl\u00e4rt sich der Teilnehmer mit den Teilnahmebedingungen einverstanden.<\/p>\n<h3><strong><br \/>\nTeilnahmebedingungen<\/strong><\/h3>\n<p><strong>Teilnahme an Gewinnspielen<\/strong><\/p>\n<p>1. Teilnehmen darf jede vollj\u00e4hrige, nat\u00fcrliche Person in eigenem Namen und Wohnsitz in Deutschland.<br \/>\n2. Die Teilnahme erfolgt online. Es sind dabei jeweils wahrheitsgem\u00e4\u00df Name und E-Mail-Adresse sowie gegebenenfalls weitere erforderliche Daten anzugeben.<br \/>\n3. Erfordert die Teilnahme die Zusendung von Materialien oder Dateien, versichert jeder Teilnehmer, alleiniger Eigent\u00fcmer und Inhaber aller Nutzungs- und Verwertungsrechte an dem eingesendeten Material zu sein (siehe Nutzungsrechte).<br \/>\n4. Der Einsendeschluss f\u00fcr das Gewinnspiel wird jeweils individuell angegeben.<br \/>\n5. Die Teilnahme ist kostenlos und in keiner Weise vom Erwerb einer Ware oder der Inanspruchnahme einer Dienstleistung abh\u00e4ngig.<br \/>\n6. Sofern durch das Gewinnspiel nicht deutlich ersichtlich, entscheidet immer das Los. Ausgenommen sind hier z. B. Fotowettbewerbe, bei denen der Gewinner durch Abstimmung ermittelt wird.<br \/>\n7. Die Preise f\u00fcr das Gewinnspiel sind jeweils individuell angegeben.<br \/>\n8. Die Gewinner werden immer per E-Mail benachrichtigt und auf der jeweiligen Gewinnspielseite unter Angabe des Vornamens ver\u00f6ffentlicht.<br \/>\n9. Virtuelle G\u00fcter werden per E-Mail, materielle G\u00fcter auf dem Postweg versendet. F\u00fcr einen postalischen Versand wird von der WA Dr. Alfuss &amp; Co. KG die Anschrift per E-Mail erfragt. Der Teilnehmer erkl\u00e4rt sich mit einer Weitergabe und Weiterleitung seiner pers\u00f6nlichen Daten durch die WA Dr. Alfuss &amp; Co. KG an die Preissponsoren einverstanden. Die Weiterleitung der Daten dient dem Zweck, im Falle eines eventuellen Gewinns des Teilnehmers, den Gewinn an diesen zu versenden. Der Versand erfolgt teilweise direkt durch den Preissponsor. Die Adressdaten werden nur f\u00fcr den Versand verwendet. Eine dar\u00fcber hinausgehende Weitergabe der Daten an Dritte erfolgt nicht.<br \/>\n10. Der Gewinn wird nur unter den Teilnehmern verteilt, von denen rechtzeitig und vollst\u00e4ndig eingegangenen Eintr\u00e4ge vorliegen.<br \/>\n11. Veranstalter der Gewinnspiele ist die WA Dr. Alfuss &amp; Co. KG.<br \/>\n12. Ausgeschlossen sind immer Mitarbeiter der WA Dr. Alfuss &amp; Co. KG und Mitarbeiter von Firmen, die mit der WA Dr. Alfuss &amp; Co. KG verbunden sind.<\/p>\n<p><strong>Besondere Bedingungen zu Durchf\u00fchrung und Gewinn<\/strong><\/p>\n<p>1. Alle Gewinner werden per E-Mail benachrichtigt. Jeder so benachrichtigte Teilnehmer ist verpflichtet innerhalb einer in der Gewinnbenachrichtigung angegebenen Frist anzugeben, ob er den Gewinn annimmt und sofern erforderlich seine Adressdaten zum Versand des Gewinns mitzuteilen.<br \/>\n2. Falls innerhalb der genannten Frist keine Reaktion des Gewinners erfolgt, verf\u00e4llt die M\u00f6glichkeit der Annahme des Gewinns und ein anderer Teilnehmer wird ermittelt.<br \/>\n3. Der im Gewinnspiel gegebenenfalls pr\u00e4sentierte Gewinn ist nicht zwingend mit dem gewonnenen Gegenstand identisch, Abweichungen sind m\u00f6glich. Bis zur \u00dcbergabe des Gewinns beh\u00e4lt sich die WA Dr. Alfuss &amp; Co. KG dar\u00fcber hinaus ausdr\u00fccklich vor, ohne Ank\u00fcndigung oder Angabe von Gr\u00fcnden den Spielablauf zu ver\u00e4ndern und\/oder den Gewinn in Art und Umfang zu \u00e4ndern, auszutauschen und durch einen anderen Gewinn zu ersetzen. Den Teilnehmern stehen in solchen F\u00e4llen keinerlei Anspr\u00fcche gegen die WA Dr. Alfuss &amp; Co. KG zu.<br \/>\n4. Der Gewinn besteht grunds\u00e4tzlich ausschlie\u00dflich in dem von der WA Dr. Alfuss &amp; Co. KG angegebenen Umfang. Eventuell dem Gewinner bei und\/oder durch die Nutzung des Gewinns entstehende (Folge-)Kosten sind nur dann umfasst, wenn dies ausdr\u00fccklich im Gewinnspiel angegeben wurde. Die WA Dr. Alfuss &amp; Co. KG \u00fcbernimmt keine Haftung f\u00fcr Sch\u00e4den, die einem Teilnehmer durch die Annahme und\/oder Nutzung des Gewinns entstehen.<br \/>\n5. Eine Barauszahlung des Gewinnwertes oder Rabattwertes und ein Umtausch des Gewinns sind ausgeschlossen. Der Gewinn ist nicht \u00fcbertragbar.<br \/>\n6. Die WA Dr. Alfuss &amp; Co. KG beh\u00e4lt sich vor, die Namen der Gewinner \u00f6ffentlich bekannt zu geben. Die Gewinner erkl\u00e4ren sich hiermit einverstanden.<\/p>\n","protected":false},"excerpt":{"rendered":"<p>Nutzungsrechte katzen.de beh\u00e4lt sich das Recht auf L\u00f6schung von Bild- und Textbeitr\u00e4gen ohne Angabe von Gr\u00fcnden vor. Eine Benachrichtigung dar\u00fcber erfolgt nicht. Mit der Teilnahme \/ Einsendung von Bildmaterial erteilt der Teilnehmer der WA Dr. Alfuss &amp; Co. KG ein unwiderrufliches einfaches unbefristetes Nutzungsrecht. Dies umfasst die M\u00f6glichkeit der Ver\u00f6ffentlichung auf katzen.de und in sozialen&hellip;<\/p>\n","protected":false},"author":1,"featured_media":0,"parent":0,"menu_order":0,"comment_status":"closed","ping_status":"closed","template":"","meta":[],"tags":[],"_links":{"self":[{"href":"https:\/\/www.katzen.de\/magazin\/wp-json\/wp\/v2\/pages\/1642"}],"collection":[{"href":"https:\/\/www.katzen.de\/magazin\/wp-json\/wp\/v2\/pages"}],"about":[{"href":"https:\/\/www.katzen.de\/magazin\/wp-json\/wp\/v2\/types\/page"}],"author":[{"embeddable":true,"href":"https:\/\/www.katzen.de\/magazin\/wp-json\/wp\/v2\/users\/1"}],"replies":[{"embeddable":true,"href":"https:\/\/www.katzen.de\/magazin\/wp-json\/wp\/v2\/comments?post=1642"}],"version-history":[{"count":1,"href":"https:\/\/www.katzen.de\/magazin\/wp-json\/wp\/v2\/pages\/1642\/revisions"}],"predecessor-version":[{"id":1643,"href":"https:\/\/www.katzen.de\/magazin\/wp-json\/wp\/v2\/pages\/1642\/revisions\/1643"}],"wp:attachment":[{"href":"https:\/\/www.katzen.de\/magazin\/wp-json\/wp\/v2\/media?parent=1642"}],"wp:term":[{"taxonomy":"post_tag","embeddable":true,"href":"https:\/\/www.katzen.de\/magazin\/wp-json\/wp\/v2\/tags?post=1642"}],"curies":[{"name":"wp","href":"https:\/\/api.w.org\/{rel}","templated":true}]}}