{"id":10766,"date":"2021-11-11T13:40:27","date_gmt":"2021-11-11T12:40:27","guid":{"rendered":"http:\/\/www.katzen.de\/magazin\/?page_id=10766"},"modified":"2021-11-16T13:54:50","modified_gmt":"2021-11-16T12:54:50","slug":"der-grosse-katzen-de-adventskalender-2021","status":"publish","type":"page","link":"https:\/\/www.katzen.de\/magazin\/der-grosse-katzen-de-adventskalender-2021\/","title":{"rendered":"Der gro\u00dfe katzen.de-Adventskalender 2021"},"content":{"rendered":"<p><img decoding=\"async\" class=\"alignleft wp-image-10767 size-full\" src=\"https:\/\/www.katzen.de\/magazin\/wp-content\/uploads\/2021\/11\/uebersicht_katzen_2021.jpg\" alt=\"katzen.de Adventskalender 2021\" usemap=\"#adventskalender2021\" width=\"1230\" height=\"724\" srcset=\"https:\/\/www.katzen.de\/magazin\/wp-content\/uploads\/2021\/11\/uebersicht_katzen_2021.jpg 1230w, https:\/\/www.katzen.de\/magazin\/wp-content\/uploads\/2021\/11\/uebersicht_katzen_2021-400x235.jpg 400w, https:\/\/www.katzen.de\/magazin\/wp-content\/uploads\/2021\/11\/uebersicht_katzen_2021-1200x706.jpg 1200w, https:\/\/www.katzen.de\/magazin\/wp-content\/uploads\/2021\/11\/uebersicht_katzen_2021-768x452.jpg 768w\" sizes=\"(max-width: 1230px) 100vw, 1230px\" \/>In unserem Adventskalender \u00f6ffnen wir jeden Tag vom 1. bis zum 24. Dezember ein Tu\u0308rchen. Es warten t\u00e4glich neue Gewinne auf euch &#8211; vom sch\u00f6nen Leinwandbild oder dem weihnachtlichen Katzen-H\u00f6rbuch \u00fcber Futterpakete und B\u00fccher rund um die Samtpfote bis hin zu liebevollen Kinderb\u00fcchern mit Katzen als Hauptfiguren.<\/p>\n<p>An jedem Gewinnspiel k\u00f6nnt ihr zwei Wochen lang teilnehmen. Und das ganz einfach: Tragt euch einfach in das Formular der Gewinnspielseite ein.<\/p>\n<p>Wir dr\u00fccken euch die Pfoten!<\/p>\n","protected":false},"excerpt":{"rendered":"<p>In unserem Adventskalender \u00f6ffnen wir jeden Tag vom 1. bis zum 24. Dezember ein Tu\u0308rchen. Es warten t\u00e4glich neue Gewinne auf euch &#8211; vom sch\u00f6nen Leinwandbild oder dem weihnachtlichen Katzen-H\u00f6rbuch \u00fcber Futterpakete und B\u00fccher rund um die Samtpfote bis hin zu liebevollen Kinderb\u00fcchern mit Katzen als Hauptfiguren. An jedem Gewinnspiel k\u00f6nnt ihr zwei Wochen lang&hellip;<\/p>\n","protected":false},"author":1,"featured_media":0,"parent":0,"menu_order":0,"comment_status":"closed","ping_status":"closed","template":"","meta":[],"tags":[856],"_links":{"self":[{"href":"https:\/\/www.katzen.de\/magazin\/wp-json\/wp\/v2\/pages\/10766"}],"collection":[{"href":"https:\/\/www.katzen.de\/magazin\/wp-json\/wp\/v2\/pages"}],"about":[{"href":"https:\/\/www.katzen.de\/magazin\/wp-json\/wp\/v2\/types\/page"}],"author":[{"embeddable":true,"href":"https:\/\/www.katzen.de\/magazin\/wp-json\/wp\/v2\/users\/1"}],"replies":[{"embeddable":true,"href":"https:\/\/www.katzen.de\/magazin\/wp-json\/wp\/v2\/comments?post=10766"}],"version-history":[{"count":2,"href":"https:\/\/www.katzen.de\/magazin\/wp-json\/wp\/v2\/pages\/10766\/revisions"}],"predecessor-version":[{"id":10795,"href":"https:\/\/www.katzen.de\/magazin\/wp-json\/wp\/v2\/pages\/10766\/revisions\/10795"}],"wp:attachment":[{"href":"https:\/\/www.katzen.de\/magazin\/wp-json\/wp\/v2\/media?parent=10766"}],"wp:term":[{"taxonomy":"post_tag","embeddable":true,"href":"https:\/\/www.katzen.de\/magazin\/wp-json\/wp\/v2\/tags?post=10766"}],"curies":[{"name":"wp","href":"https:\/\/api.w.org\/{rel}","templated":true}]}}